{"id":33,"date":"2020-03-06T10:40:34","date_gmt":"2020-03-06T08:40:34","guid":{"rendered":"https:\/\/teatterihirvenpaa.fi\/?page_id=33"},"modified":"2022-06-05T14:32:01","modified_gmt":"2022-06-05T11:32:01","slug":"hyodyllista-tietoa","status":"publish","type":"page","link":"https:\/\/teatterihirvenpaa.fi\/?page_id=33","title":{"rendered":"Historia"},"content":{"rendered":"\n<p>Elettiin vuotta 1986, kun joukko nuoria aikuisia p\u00e4\u00e4tti perustaa Huittisiin oman harrastajateatterin. Nimeksi tuli&nbsp;<strong>SUTTILAN N\u00c4YTELM\u00c4TIIMI<\/strong>, joka toimi Suttilan nuorisoseuran alaisena ja yhteydess\u00e4. N\u00e4yttelij\u00e4t p\u00e4\u00e4ttiv\u00e4t tehd\u00e4 talvin\u00e4ytelm\u00e4n joka vuosi ja se esitett\u00e4isiin Kalliolassa, Suttilan nuorisoseuratalossa. Kiertueilla k\u00e4yt\u00e4isiin my\u00f6s eri paikkakunnilla.<\/p>\n\n\n\n<p>Ensimm\u00e4inen n\u00e4ytelm\u00e4 oli \u2019Isyysloma\u2019 1987 ja sen ohjasi Jari Theman. Toisena vuonna&nbsp;<br>tehtiin \u2019Salonkileijona\u2019, kirjoittajana ja ohjaajana Liisa Waahtera. Ensi-iltansa Salonkileijona sai 18.10.1988 T\u00e4t\u00e4 n\u00e4ytelm\u00e4\u00e4 esitettiin my\u00f6s Vanhan kosken rannalla kes\u00e4ll\u00e4. Veikko Huovisen kirjoittama \u2019Oltaiskos kultia\u2019 sai ensi-iltansa 1.10.1989. Ohjaajana Liisa Waahtera.<\/p>\n\n\n\n<p>\u2019Joulupukki menee naimisiin\u2019 -n\u00e4ytelm\u00e4\u00e4 n\u00e4yteltiin Kalliolan lis\u00e4ksi erilaisissa pikkujoulutilaisuuksissa. My\u00f6s t\u00e4m\u00e4 oli Liisa Waahteran kirjoittama ja ohjaama. \u2019Turistimatka\u2019, jonka on kirjoittanut Tuuli Reijonen n\u00e4yteltiin Kalliolassa sek\u00e4 vanhalla urheilukent\u00e4ll\u00e4. Ensi-ilta oli 24.1.1990. Ohjaajana ohjaaja-n\u00e4yttelij\u00e4 Irma Myllyl\u00e4-Pajari Porista.<\/p>\n\n\n\n<p>Yst\u00e4vyyskaupunki vierailuja varten Tanskaan sek\u00e4 Eestiin tehtiin Dario Fo:n \u2019Maalareilla ei ole muistoja\u2019. Ensi-ilta oli 4.4.1992. T\u00e4m\u00e4n ohjasi ohjaaja-n\u00e4yttelij\u00e4 Irma Myllyl\u00e4-Pajari . N\u00e4ytelm\u00e4\u00e4 n\u00e4yteltiin kolmena vuotena.<br>Simo Ojasen kirjoittama \u2019Koira saa paikan\u2019 valmistettiin juuri valmistuneeseen Risto Ryti \u2013saliin 2.10.1994, ohjaajana Irma Myllyl\u00e4-Pajari. &nbsp;My\u00f6s t\u00e4m\u00e4 n\u00e4ytelm\u00e4 esitettiin Eestiss\u00e4 ja nuorisoseurakiertueella Satakunnassa.<\/p>\n\n\n\n<p>Seuraavaksi ohjelmistoon tuli Kirsti Ellil\u00e4n kirjoittama trilogia Huittisten historiasta, joka alkoi \u2019Agnes ja Maalina \u2013suurHuittisten tytt\u00e4ret\u2019 &nbsp;-n\u00e4ytelm\u00e4ll\u00e4. Tytt\u00e4rien ensi-ilta oli 1996. T\u00e4ll\u00e4 osallistuttiin valtakunnalliseen harrastajateatterikatselmukseen Jyv\u00e4skyl\u00e4ss\u00e4 ja menestys oli valtava.<br>Toinen osa oli \u2019Kivisen pellon lapset\u2019. &nbsp;N\u00e4ytelm\u00e4 tehtiin puhtaasti kes\u00e4n\u00e4ytelm\u00e4ksi ja sit\u00e4 esitettiin &nbsp;Sarkia \u2013n\u00e4ytt\u00e4m\u00f6ll\u00e4 Kiikassa, ensi-illan ollessa 28.9.1997. Risto Ryti \u2013sali n\u00e4ki my\u00f6s t\u00e4m\u00e4n n\u00e4ytelm\u00e4n. T\u00e4h\u00e4n n\u00e4ytelm\u00e4\u00e4n p\u00e4\u00e4ttyi Myllyl\u00e4-Pajarin ohjausty\u00f6 Suttilan n\u00e4ytelm\u00e4tiimiss\u00e4.<br>Viimeinen osa trilogiasta oli \u2019Syd\u00e4n, Risti ja Ankkuri\u2019. Ohjaajaksi tuli n\u00e4yttelij\u00e4-ohjaaja, teatterinjohtaja Anneli Heino. N\u00e4ytelm\u00e4\u00e4 n\u00e4yteltiin Suttilan Kalliolassa ja sen ensi-ilta oli 13.11.1998 Koko trilogia sai valtavan yleis\u00f6suosion.<br>Suttilaan saatiin oma kes\u00e4teatteri kes\u00e4ksi 2000 ja sen nimeksi tuli Suttilan Suviteatteri.<br>N\u00e4ytelm\u00e4 \u2019Autotytt\u00f6\u2019 oli vuonna 2000, kirjailija Hilja Valtosen kirjoittama kes\u00e4n\u00e4ytelm\u00e4. Anneli Heino ohjasi.<\/p>\n\n\n\n<p>Vuonna 2000 valmistuivat my\u00f6s pienoisn\u00e4ytelm\u00e4t \u2019Cuttilan Cuuri Cirkus\u2019 ja \u2019Suttilan huoltamo\u2019, joita k\u00e4ytiin esitt\u00e4m\u00e4ss\u00e4 erilaisissa tilaisuuksissa, mm. Huittisten joulun avajaistapahtumassa Cirkus oli joulupukin ohella suuri vetonaula. T\u00e4st\u00e4 toiminta muuttui ymp\u00e4rivuotiseksi harrastukseksi.<\/p>\n\n\n\n<p>\u2019Hyys Hyys Hymyl\u00e4\u00e4n\u2019 \u2013n\u00e4ytelm\u00e4n ensi-ilta oli 24.6.2001. Sen kokosi h\u00f6lm\u00f6l\u00e4istarinoista ohjaaja Anneli Heino Maire Soiluvan kanssa. N\u00e4ytelm\u00e4\u00e4 n\u00e4yteltiin kaikkiaan 32 kertaa erilaisissa tilaisuuksissa Suviteatterin lis\u00e4ksi. Tampereella Pispalan Sottiisi-tapahtumassa h\u00f6lm\u00f6l\u00e4iset her\u00e4ttiv\u00e4t ihastusta katuesiintymisill\u00e4\u00e4n.<\/p>\n\n\n\n<p>SUTTILAN N\u00c4YTELM\u00c4TIIMI muutti nimens\u00e4 TEATTERI TAIKAY\u00d6KSI 1.11.2001 jatkaen edelleen nuorisoseuran alaisena teatterina.<br>Rosa Liksomin monologeja \u2019Soli puoleny\u00f6n j\u00e4lkheen\u2019 \u2013n\u00e4ytelm\u00e4\u00e4 n\u00e4yteltiin Huittisten kaupunginkirjaston auditoriossa talvin\u00e4ytelm\u00e4n\u00e4. Ensi-ilta oli 5.1.2001.&nbsp;<br>\u2019Kuisma ja Helin\u00e4\u2019, Larin Ky\u00f6stin balladi, jonka oli n\u00e4ytelm\u00e4ksi sovittanut V\u00e4in\u00f6 Syv\u00e4nne. Ohjaajana toimi Anneli Heino. Balladi esitettiin kes\u00e4n\u00e4ytelm\u00e4n\u00e4, ensi-ilta oli 23.6.2002 Suviteatterilla.<br>Talvin\u00e4ytelm\u00e4 Jammun pakinoista \u2019Mit\u00e4s ne m\u00e4k\u00e4tt\u00e4v\u00e4tten\u2019 Huittisten kaupunginkirjastossa sai ensi-iltansa 14.11.2002.<\/p>\n\n\n\n<p>Seuraavaksi ohjaajaksi kutsuttiin teatteri-ilmaisun ohjaaja Marko Saario. \u2019Rakastettu Johansson\u2019oli Anneli Pukeman kirjoittama komedia, jota n\u00e4yteltiin Suviteatterilla ja ensi-illassa se oli 13.7.2003.<br>\u2019Lauttakyl\u00e4n iloiset rouvat\u2019 on Shakespeare \u2013 Saariston kirjoittama musiikkipitoinen n\u00e4ytelm\u00e4 porin murteella, johon musiikin on s\u00e4velt\u00e4nyt Mika A. Koskinen. S\u00e4est\u00e4j\u00e4ksi saatiin Kai T\u00f6rm\u00e4. Ohjauksesta vastasi Marko Saario ja ensi-ilta Suviteatterilla 2.7.2004.<br>Syksyll\u00e4 2004 Teatteri Taikay\u00f6 sai k\u00e4ytt\u00f6\u00f6ns\u00e4 Huittisten vanhalta meijerilt\u00e4 STUDIOTEATTERIN tilat. Studioteatteriin rakennettiin 40-paikkainen katsomo ja sen ensimm\u00e4inen n\u00e4ytelm\u00e4 oli August Strindbergin kirjoittama \u2019Neiti Julie\u2019. &nbsp;Ensi-illan se sai Studioteatterin avajaisissa 22.11.2004. Ohjaajana toimi Marko Saario.<\/p>\n\n\n\n<p>\u2019Susikosken Sulttaani\u2019 kes\u00e4ll\u00e4 2005 Suviteatterilla kertoi kirjailija Ilmari Kiannon el\u00e4m\u00e4st\u00e4 Lavian Susikoskella. N\u00e4ytelm\u00e4n kirjoitti Teatteri Taikay\u00f6t\u00e4 varten kirjailija Simo Ojanen, sen ohjasi Marko Saario ja se oli kantaesitys, jonka ensi-ilta oli 15.7.2005<\/p>\n\n\n\n<p>Syysn\u00e4ytelm\u00e4n\u00e4 18.11.2005 valmistui Per-Olov Enqvistin kirjoittama n\u00e4ytelm\u00e4 \u2019Tribadien y\u00f6\u2019 Studioteatterille, joka kertoi kirjailija August Strindbergin el\u00e4m\u00e4st\u00e4 er\u00e4\u00e4n episodin. Ohjauksesta huolehti Marko Saario. Tribadien y\u00f6ll\u00e4 Teatteri Taikay\u00f6 osallistui valtakunnalliseen harrastajateatterikatselmukseen Lapualla 7.-9.4.2006.<\/p>\n\n\n\n<p>2006 kes\u00e4ksi kirjailija Simo Ojanen kirjoitti Moli\u00e9rin Luulosairaan pohjalta kantaesityksen \u2019Luultavasti sairas\u2019. Sit\u00e4 esitettiin Suviteatterilla ja ensi-ilta oli 7.7.2006. Ohjauksesta vastasi Marko Saario.<\/p>\n\n\n\n<p>2007 kes\u00e4n\u00e4ytelm\u00e4ksi Suviteatterille valittiin Minna Canthin \u2019Papin perhe\u2019 kirjailijan juhlavuoden kunniaksi. Ensi-ilta 27.6.2007. Ohjauksesta huolehti Marko Saario. T\u00e4m\u00e4 on Saarion seitsem\u00e4s produktio Teatteri Taikay\u00f6lle.<\/p>\n\n\n\n<p>Vuonna 2000 Suttilaan saatiin oma kes\u00e4teatteri, jonka nimeksi tuli Suttilan Suviteatteri&nbsp;<br>ja N\u00c4YTELM\u00c4TIIMI muutti nimens\u00e4 TEATTERI TAIKAY\u00d6KSI 1.11.2001<\/p>\n\n\n\n<p><strong>Studioteatteri<\/strong>&nbsp;vanhan meijerin yl\u00e4kerrassa on intiimi ja tiivistunnelmainen esityspaikka 40 paikkaisine katsomoineen.<br>Katsojat aistivat n\u00e4yttelij\u00f6iden herkimm\u00e4tkin tunteet. Studioteatterin osoite on &nbsp;Meijeritie 1 A &nbsp;2. krs<\/p>\n\n\n\n<p>Kahtena viimeisen\u00e4 vuotena Suttilassa on n\u00e4hty Jouni Lehtisen luotsaamat n\u00e4ytelm\u00e4t Vuoren kertomaa sek\u00e4 Tallinnan Anna.<\/p>\n\n\n\n<p>&#8221;2017 Teatteri Taikay\u00f6 irtaantui Suttilasta, muuti nimens\u00e4 Teatteri Hirvenp\u00e4\u00e4 Huittinen ry:ksi ja uusi teatteritalo l\u00f6ytyi Salmenojalta, Vampulasta.Paikkana on muinaisista tansseistaan tuttu Mets\u00e4pirtti, jota teatterilaiset&nbsp; kunnostavat talkoovoimin. Ensimm\u00e4inen sis\u00e4n\u00e4yt\u00e4nt\u00f6 oli maaliskuussa -18 Liksomin monologeihin perustuva Tyhjan tien Paratiisit ll ja kes\u00e4teatterista p\u00e4\u00e4st\u00e4\u00e4n j\u00e4lleen nauttimaan ulkona,kun Rusetteja vanhasta muistista valmistuu&#8230;.<\/p>\n","protected":false},"excerpt":{"rendered":"<p>Elettiin vuotta 1986, kun joukko nuoria aikuisia p\u00e4\u00e4tti perustaa Huittisiin oman harrastajateatterin. Nimeksi tuli&nbsp;SUTTILAN N\u00c4YTELM\u00c4TIIMI, joka toimi Suttilan nuorisoseuran alaisena ja yhteydess\u00e4. N\u00e4yttelij\u00e4t p\u00e4\u00e4ttiv\u00e4t tehd\u00e4 talvin\u00e4ytelm\u00e4n joka vuosi ja se esitett\u00e4isiin Kalliolassa, Suttilan nuorisoseuratalossa. Kiertueilla k\u00e4yt\u00e4isiin my\u00f6s eri paikkakunnilla. Ensimm\u00e4inen n\u00e4ytelm\u00e4 oli \u2019Isyysloma\u2019 1987 ja sen ohjasi Jari Theman. Toisena vuonna&nbsp;tehtiin \u2019Salonkileijona\u2019, kirjoittajana ja ohjaajana [&hellip;]<\/p>\n","protected":false},"author":2,"featured_media":0,"parent":0,"menu_order":0,"comment_status":"closed","ping_status":"closed","template":"","meta":{"_monsterinsights_skip_tracking":false,"_monsterinsights_sitenote_active":false,"_monsterinsights_sitenote_note":"","_monsterinsights_sitenote_category":0,"site-sidebar-layout":"default","site-content-layout":"default","ast-site-content-layout":"default","site-content-style":"default","site-sidebar-style":"default","ast-global-header-display":"","ast-banner-title-visibility":"","ast-main-header-display":"","ast-hfb-above-header-display":"","ast-hfb-below-header-display":"","ast-hfb-mobile-header-display":"","site-post-title":"","ast-breadcrumbs-content":"","ast-featured-img":"","footer-sml-layout":"","ast-disable-related-posts":"","theme-transparent-header-meta":"default","adv-header-id-meta":"","stick-header-meta":"","header-above-stick-meta":"","header-main-stick-meta":"","header-below-stick-meta":"","astra-migrate-meta-layouts":"default","ast-page-background-enabled":"default","ast-page-background-meta":{"desktop":{"background-color":"","background-image":"","background-repeat":"repeat","background-position":"center center","background-size":"auto","background-attachment":"scroll","background-type":"","background-media":"","overlay-type":"","overlay-color":"","overlay-opacity":"","overlay-gradient":""},"tablet":{"background-color":"","background-image":"","background-repeat":"repeat","background-position":"center center","background-size":"auto","background-attachment":"scroll","background-type":"","background-media":"","overlay-type":"","overlay-color":"","overlay-opacity":"","overlay-gradient":""},"mobile":{"background-color":"","background-image":"","background-repeat":"repeat","background-position":"center center","background-size":"auto","background-attachment":"scroll","background-type":"","background-media":"","overlay-type":"","overlay-color":"","overlay-opacity":"","overlay-gradient":""}},"ast-content-background-meta":{"desktop":{"background-color":"var(--ast-global-color-5)","background-image":"","background-repeat":"repeat","background-position":"center center","background-size":"auto","background-attachment":"scroll","background-type":"","background-media":"","overlay-type":"","overlay-color":"","overlay-opacity":"","overlay-gradient":""},"tablet":{"background-color":"var(--ast-global-color-5)","background-image":"","background-repeat":"repeat","background-position":"center center","background-size":"auto","background-attachment":"scroll","background-type":"","background-media":"","overlay-type":"","overlay-color":"","overlay-opacity":"","overlay-gradient":""},"mobile":{"background-color":"var(--ast-global-color-5)","background-image":"","background-repeat":"repeat","background-position":"center center","background-size":"auto","background-attachment":"scroll","background-type":"","background-media":"","overlay-type":"","overlay-color":"","overlay-opacity":"","overlay-gradient":""}},"footnotes":""},"class_list":["post-33","page","type-page","status-publish","hentry"],"_links":{"self":[{"href":"https:\/\/teatterihirvenpaa.fi\/index.php?rest_route=\/wp\/v2\/pages\/33","targetHints":{"allow":["GET"]}}],"collection":[{"href":"https:\/\/teatterihirvenpaa.fi\/index.php?rest_route=\/wp\/v2\/pages"}],"about":[{"href":"https:\/\/teatterihirvenpaa.fi\/index.php?rest_route=\/wp\/v2\/types\/page"}],"author":[{"embeddable":true,"href":"https:\/\/teatterihirvenpaa.fi\/index.php?rest_route=\/wp\/v2\/users\/2"}],"replies":[{"embeddable":true,"href":"https:\/\/teatterihirvenpaa.fi\/index.php?rest_route=%2Fwp%2Fv2%2Fcomments&post=33"}],"version-history":[{"count":2,"href":"https:\/\/teatterihirvenpaa.fi\/index.php?rest_route=\/wp\/v2\/pages\/33\/revisions"}],"predecessor-version":[{"id":638,"href":"https:\/\/teatterihirvenpaa.fi\/index.php?rest_route=\/wp\/v2\/pages\/33\/revisions\/638"}],"wp:attachment":[{"href":"https:\/\/teatterihirvenpaa.fi\/index.php?rest_route=%2Fwp%2Fv2%2Fmedia&parent=33"}],"curies":[{"name":"wp","href":"https:\/\/api.w.org\/{rel}","templated":true}]}}