{"id":27,"date":"2020-03-06T10:37:15","date_gmt":"2020-03-06T08:37:15","guid":{"rendered":"https:\/\/teatterihirvenpaa.fi\/?page_id=27"},"modified":"2026-04-16T12:35:18","modified_gmt":"2026-04-16T09:35:18","slug":"tietoa","status":"publish","type":"page","link":"https:\/\/teatterihirvenpaa.fi\/?page_id=27","title":{"rendered":"Yhteystiedot"},"content":{"rendered":"\n<div class=\"wp-block-group alignwide is-layout-flow wp-block-group-is-layout-flow\"><div class=\"wp-block-group__inner-container\">\n<div class=\"wp-block-group is-layout-flow wp-block-group-is-layout-flow\"><div class=\"wp-block-group__inner-container\">\n<p class=\"has-text-align-center has-large-font-size\">Teatteri Hirvenp\u00e4\u00e4 Huittinen ry<\/p>\n\n\n\n<figure class=\"wp-block-table is-style-regular\" style=\"margin-top:0;margin-right:0px;margin-bottom:0;margin-left:0px\"><table class=\"has-fixed-layout\" style=\"border-style:none;border-width:0px\"><tbody><tr><td class=\"has-text-align-right\" data-align=\"right\">Kes\u00e4isin:<br><br><strong>Mets\u00e4pirtti<\/strong><br>Salmenojantie 241<br>32610 Vampula<\/td><td>Talvisin:<br><br><strong>Studioteatteri<\/strong><br> Meijerintie 1 a <br> 32700 Huittinen<\/td><\/tr><\/tbody><\/table><\/figure>\n<\/div><\/div>\n<\/div><\/div>\n\n\n\n<div class=\"wp-block-columns is-layout-flex wp-container-core-columns-is-layout-96955bc8 wp-block-columns-is-layout-flex\" style=\"margin-top:var(--wp--preset--spacing--50);margin-bottom:var(--wp--preset--spacing--50);padding-top:0;padding-right:0;padding-bottom:0;padding-left:0\">\n<div class=\"wp-block-column is-layout-flow wp-block-column-is-layout-flow\" style=\"flex-basis:100%\">\n<figure style=\"margin-top:0;margin-right:0;margin-bottom:0;margin-left:0\" class=\"wp-block-table\"><table class=\"has-fixed-layout\" style=\"border-style:none;border-width:0px\"><tbody><tr><td>Puheenjohtaja<\/td><td>Henrik \u00d6ling<\/td><td>050 5439444<\/td><td>henrik.oling@gmail.com<\/td><\/tr><tr><td>Sihteeri<\/td><td>Sini Viitanen<\/td><td>044 9833391<\/td><td><\/td><\/tr><tr><td>Rahastonhoitaja<\/td><td>Seija Tiuhum\u00e4ki<\/td><td>040 5530153<\/td><td><\/td><\/tr><\/tbody><\/table><\/figure>\n<\/div>\n<\/div>\n\n\n\n<hr class=\"wp-block-separator has-css-opacity\" style=\"margin-top:0;margin-bottom:0\"\/>\n\n\n\n<p><\/p>\n","protected":false},"excerpt":{"rendered":"<p>Teatteri Hirvenp\u00e4\u00e4 Huittinen ry Kes\u00e4isin: Mets\u00e4pirttiSalmenojantie 24132610 Vampula Talvisin: Studioteatteri Meijerintie 1 a 32700 Huittinen Puheenjohtaja Henrik \u00d6ling 050 5439444 henrik.oling@gmail.com Sihteeri Sini Viitanen 044 9833391 Rahastonhoitaja Seija Tiuhum\u00e4ki 040 5530153<\/p>\n","protected":false},"author":6,"featured_media":0,"parent":0,"menu_order":0,"comment_status":"closed","ping_status":"closed","template":"","meta":{"_monsterinsights_skip_tracking":false,"_monsterinsights_sitenote_active":false,"_monsterinsights_sitenote_note":"","_monsterinsights_sitenote_category":0,"site-sidebar-layout":"default","site-content-layout":"default","ast-site-content-layout":"default","site-content-style":"default","site-sidebar-style":"default","ast-global-header-display":"","ast-banner-title-visibility":"","ast-main-header-display":"","ast-hfb-above-header-display":"","ast-hfb-below-header-display":"","ast-hfb-mobile-header-display":"","site-post-title":"","ast-breadcrumbs-content":"","ast-featured-img":"","footer-sml-layout":"","ast-disable-related-posts":"","theme-transparent-header-meta":"default","adv-header-id-meta":"","stick-header-meta":"","header-above-stick-meta":"","header-main-stick-meta":"","header-below-stick-meta":"","astra-migrate-meta-layouts":"set","ast-page-background-enabled":"default","ast-page-background-meta":{"desktop":{"background-color":"","background-image":"","background-repeat":"repeat","background-position":"center center","background-size":"auto","background-attachment":"scroll","background-type":"","background-media":"","overlay-type":"","overlay-color":"","overlay-opacity":"","overlay-gradient":""},"tablet":{"background-color":"","background-image":"","background-repeat":"repeat","background-position":"center center","background-size":"auto","background-attachment":"scroll","background-type":"","background-media":"","overlay-type":"","overlay-color":"","overlay-opacity":"","overlay-gradient":""},"mobile":{"background-color":"","background-image":"","background-repeat":"repeat","background-position":"center center","background-size":"auto","background-attachment":"scroll","background-type":"","background-media":"","overlay-type":"","overlay-color":"","overlay-opacity":"","overlay-gradient":""}},"ast-content-background-meta":{"desktop":{"background-color":"var(--ast-global-color-5)","background-image":"","background-repeat":"repeat","background-position":"center center","background-size":"auto","background-attachment":"scroll","background-type":"","background-media":"","overlay-type":"","overlay-color":"","overlay-opacity":"","overlay-gradient":""},"tablet":{"background-color":"var(--ast-global-color-5)","background-image":"","background-repeat":"repeat","background-position":"center center","background-size":"auto","background-attachment":"scroll","background-type":"","background-media":"","overlay-type":"","overlay-color":"","overlay-opacity":"","overlay-gradient":""},"mobile":{"background-color":"var(--ast-global-color-5)","background-image":"","background-repeat":"repeat","background-position":"center center","background-size":"auto","background-attachment":"scroll","background-type":"","background-media":"","overlay-type":"","overlay-color":"","overlay-opacity":"","overlay-gradient":""}},"footnotes":""},"class_list":["post-27","page","type-page","status-publish","hentry"],"_links":{"self":[{"href":"https:\/\/teatterihirvenpaa.fi\/index.php?rest_route=\/wp\/v2\/pages\/27","targetHints":{"allow":["GET"]}}],"collection":[{"href":"https:\/\/teatterihirvenpaa.fi\/index.php?rest_route=\/wp\/v2\/pages"}],"about":[{"href":"https:\/\/teatterihirvenpaa.fi\/index.php?rest_route=\/wp\/v2\/types\/page"}],"author":[{"embeddable":true,"href":"https:\/\/teatterihirvenpaa.fi\/index.php?rest_route=\/wp\/v2\/users\/6"}],"replies":[{"embeddable":true,"href":"https:\/\/teatterihirvenpaa.fi\/index.php?rest_route=%2Fwp%2Fv2%2Fcomments&post=27"}],"version-history":[{"count":33,"href":"https:\/\/teatterihirvenpaa.fi\/index.php?rest_route=\/wp\/v2\/pages\/27\/revisions"}],"predecessor-version":[{"id":903,"href":"https:\/\/teatterihirvenpaa.fi\/index.php?rest_route=\/wp\/v2\/pages\/27\/revisions\/903"}],"wp:attachment":[{"href":"https:\/\/teatterihirvenpaa.fi\/index.php?rest_route=%2Fwp%2Fv2%2Fmedia&parent=27"}],"curies":[{"name":"wp","href":"https:\/\/api.w.org\/{rel}","templated":true}]}}